{"id":2768,"date":"2024-12-19T09:52:55","date_gmt":"2024-12-19T08:52:55","guid":{"rendered":"https:\/\/serviciosarquitecturatecnica.com\/aviso-legal\/"},"modified":"2024-12-23T11:18:26","modified_gmt":"2024-12-23T10:18:26","slug":"avis-legal","status":"publish","type":"page","link":"https:\/\/serviciosarquitecturatecnica.com\/ca\/avis-legal\/","title":{"rendered":"Av\u00eds legal"},"content":{"rendered":"<div class=\"fusion-fullwidth fullwidth-box fusion-builder-row-1 fusion-flex-container has-pattern-background has-mask-background nonhundred-percent-fullwidth non-hundred-percent-height-scrolling\" style=\"--awb-border-radius-top-left:0px;--awb-border-radius-top-right:0px;--awb-border-radius-bottom-right:0px;--awb-border-radius-bottom-left:0px;--awb-flex-wrap:wrap;\" ><div class=\"fusion-builder-row fusion-row fusion-flex-align-items-flex-start fusion-flex-content-wrap\" style=\"max-width:1300px;margin-left: calc(-4% \/ 2 );margin-right: calc(-4% \/ 2 );\"><div class=\"fusion-layout-column fusion_builder_column fusion-builder-column-0 fusion_builder_column_1_1 1_1 fusion-flex-column\" style=\"--awb-bg-size:cover;--awb-width-large:100%;--awb-margin-top-large:0px;--awb-spacing-right-large:1.92%;--awb-margin-bottom-large:20px;--awb-spacing-left-large:1.92%;--awb-width-medium:100%;--awb-order-medium:0;--awb-spacing-right-medium:1.92%;--awb-spacing-left-medium:1.92%;--awb-width-small:100%;--awb-order-small:0;--awb-spacing-right-small:1.92%;--awb-spacing-left-small:1.92%;\"><div class=\"fusion-column-wrapper fusion-column-has-shadow fusion-flex-justify-content-flex-start fusion-content-layout-column\"><div class=\"fusion-text fusion-text-1\"><p>En compliment de la Llei 34\/2002 de Serveis de la Societat de la Informaci\u00f3 i de Comer\u00e7 Electr\u00f2nic d&#8217;Espanya, l&#8217;informem que aquesta web \u00e9s propietat de\u00a0<strong>Servicios Arquitectura T\u00e9cnica<\/strong>, amb domicili a la Pla\u00e7a Llu\u00eds Companys, 3 1\u00ba-1\u00aa 08110 Montcada i Reixac &#8211; Barcelona \u2013 SPAIN amb CIF 52178970C.<\/p>\n<p>Aquesta web es regeix per la normativa exclusivament aplicable a Espanya, quedant sotmesa a ella, tant nacionals com estrangers que utilitzin aquesta web.<\/p>\n<p>L&#8217;acc\u00e9s a la nostra web per part de l&#8217;USUARI \u00e9s gratu\u00eft i est\u00e0 condicionat a la pr\u00e8via lectura i acceptaci\u00f3 \u00edntegra, expressa i sense reserves de les presents CONDICIONS GENERALS D&#8217;\u00daS vigents en el moment de l&#8217;acc\u00e9s, que preguem que llegeixi detingudament. L&#8217;USUARI en el moment que usa la nostra web, els seus continguts o serveis, accepta i se sotmet expressament a les condicions generals d&#8217;\u00fas d&#8217;aquesta. Si l&#8217;USUARI no estigu\u00e9s d&#8217;acord amb les presents condicions d&#8217;\u00fas, haur\u00e0 d&#8217;abstenir-se de fer servir aquesta web i operar per mitj\u00e0 d&#8217;aquesta.<\/p>\n<p>En qualsevol moment podrem modificar la presentaci\u00f3 i configuraci\u00f3 d&#8217;aquesta web, ampliar o reduir serveis, i fins i tot suprimir-la de la Xarxa, aix\u00ed com els serveis i continguts prestats, tot aix\u00f2 de manera unilateral i sense previ av\u00eds.<\/p>\n<p><strong>A. PROPIETAT INTEL\u00b7LECTUAL<\/strong><br \/>Tots els continguts, textos, imatges, i codis font s\u00f3n propietat de\u00a0<strong>Servicios Arquitectura T\u00e9cnica<\/strong> o de tercers als quals s&#8217;han adquirit els seus drets d&#8217;explotaci\u00f3 i estan protegits pels drets de Propietat Intel\u00b7lectual i Industrial.<\/p>\n<p>L&#8217;USUARI \u00fanicament t\u00e9 el dret a un \u00fas privat d&#8217;aquests, sense \u00e0nim de lucre, i necessita autoritzaci\u00f3 expressa\u00a0de <strong>Servicios Arquitectura T\u00e9cnica<\/strong> i\/o el titular dels drets per a modificar-los reproduir-los, explotar-los, distribuir-los o qualsevol dret pertanyent al seu titular.<\/p>\n<p>L&#8217;establiment d&#8217;enlla\u00e7os a la nostra web no confereix cap dret sobre la mateixa i s&#8217;autoritzen exclusivament per a permetre l&#8217;acc\u00e9s a la nostra web, quedant prohibida en altres p\u00e0gines la reproducci\u00f3 total o parcial de les imatges i\/o continguts de la nostra web. Aix\u00ed mateix, el simple fet d&#8217;establir un enlla\u00e7 a la nostra web no dona dret a atorgar-se la categoria de col\u00b7laborador o soci de\u00a0<strong>Servicios Arquitectura T\u00e9cnica<\/strong><\/p>\n<p>Est\u00e0 absolutament prohibida la imitaci\u00f3 sigui total o parcial de la nostra web.<\/p>\n<p><strong>B. CONDICIONS D&#8217;ACC\u00c9S<\/strong><br \/>L&#8217;acc\u00e9s a la nostra web \u00e9s gratu\u00eft i no exigeix pr\u00e8via subscripci\u00f3 o registre. No obstant aix\u00f2, <strong>Servicios Arquitectura T\u00e9cnica\u00a0<\/strong>es reserva el dret d&#8217;oferir serveis que requereixin el registre previ de l&#8217;USUARI. En tot cas, aquests serveis quedaran degudament identificats en la web, amb f\u00e0cils indicacions per al seu registre.<\/p>\n<p>L&#8217;USUARI ha d&#8217;accedir a la nostra web conforme a la bona fe, les normes d&#8217;ordre p\u00fablic, a les presents Condicions Generals d&#8217;\u00fas. L&#8217;acc\u00e9s al nostre lloc web es realitza sota la pr\u00f2pia i exclusiva responsabilitat de l&#8217;USUARI, que respondr\u00e0 en tot cas dels danys i perjudicis que pugui causar a tercers o a nosaltres mateixos.<\/p>\n<p>L&#8217;USUARI t\u00e9 expressament prohibit la utilitzaci\u00f3 i obtenci\u00f3 dels serveis i continguts oferts en la present web, per procediments diferents dels estipulats en les presents condicions d&#8217;\u00fas, i en el seu cas en les condicions particulars que regulen l&#8217;adquisici\u00f3 de determinats serveis.<\/p>\n<p>Tenint en compte la impossibilitat de control respecte a la informaci\u00f3, continguts i serveis que continguin altres websites als quals es pugui accedir a trav\u00e9s dels enlla\u00e7os que la nostra web posa a la seva disposici\u00f3, li comuniquem que\u00a0<strong>Servicios Arquitectura T\u00e9cnica<\/strong> queda eximida de qualsevol responsabilitat pels danys i perjudicis de tota classe que poguessin derivar per la utilitzaci\u00f3 d&#8217;aquestes p\u00e0gines web alienes a la nostra per part de l&#8217;USUARI. <strong>Servicios Arquitectura T\u00e9cnica<\/strong> es reserva el dret d&#8217;exercitat les accions legals oportunes contra aquells USUARIS que vulneren les presents condicions generals d&#8217;\u00fas, acceptant l&#8217;USUARI que la no iniciaci\u00f3 d&#8217;aquestes accions no constitueix una ren\u00fancia formal a aquestes, romanent aquestes vigents fins als terminis de prescripci\u00f3 de les infraccions.<\/p>\n<p><strong>C. PROTECCI\u00d3 DE DADES PERSONALS<\/strong><br \/>La confidencialitat, el secret professional i la seguretat s\u00f3n valors primordials\u00a0de <strong>Servicios Arquitectura T\u00e9cnica<\/strong>, que assumeix el comprom\u00eds de garantir la privacitat de l&#8217;USUARI en tot moment o en totes les interaccions amb aquell. <strong>Servicios Arquitectura T\u00e9cnica<\/strong> assumeix tamb\u00e9 el comprom\u00eds de no recaptar informaci\u00f3 innecess\u00e0ria sobre l&#8217;USUARI. Aix\u00ed mateix, ens comprometem a tractar amb extrema dilig\u00e8ncia la informaci\u00f3 personal que l&#8217;USUARI pugui facilitar a trav\u00e9s de la nostra web.<\/p>\n<p>De conformitat amb la Llei Org\u00e0nica 15\/1999 de Protecci\u00f3 de Dades de Car\u00e0cter Personal (LOPD), i el Reial decret 1720\/2007 de desenvolupament de la LOPD, l&#8217;informem que la utilitzaci\u00f3 de determinats serveis en la nostra web requereix que ens faciliti determinades dades personals a trav\u00e9s de formularis de registre o mitjan\u00e7ant l&#8217;enviament de missatges de correu electr\u00f2nic, i que aquests seran objecte de tractament i incorporats als fitxers de <strong>Servicios Arquitectura T\u00e9cnica<\/strong> titular i responsable d&#8217;aquests. L&#8217;enviament referit de les dades personals constitueix el consentiment expr\u00e9s al tractament d&#8217;aquests, si b\u00e9 de car\u00e0cter revocable i sense efectes retroactius.<\/p>\n<p>Aix\u00ed mateix, l&#8217;informem que tots els nostres fitxers es troben legalment inscrits en el Registre General de Dades Personals de l&#8217;Ag\u00e8ncia Espanyola de Protecci\u00f3 de Dades, aix\u00ed com que per a salvaguardar la seguretat de les seves dades personals s&#8217;aplicaran les mesures de seguretat t\u00e8cniques i organitzatives exigides en el Reial decret 1720\/2007 que regula el reglament de les mesures de seguretat dels fitxers que continguin dades de car\u00e0cter personal.<\/p>\n<p><strong>\u00daS DE LES SEVES DADES PERSONALS<\/strong><br \/>Les dades que sol\u00b7licitem s\u00f3n les adequades, pertinents i estrictament necess\u00e0ries per a la finalitat per la qual es recullen, i en cap cas est\u00e0 obligat a facilitar-nos-les. Aix\u00ed mateix, ens certifica que totes les dades que ens facilita s\u00f3n certes, veraces i pertinents per a la finalitat per la qual les sol\u00b7licitem. La nostra web, recull les seves dades personals mitjan\u00e7ant la recepci\u00f3 de diversos formularis i a trav\u00e9s del correu electr\u00f2nic on pot sol\u00b7licitar-nos qualsevol mena d&#8217;informaci\u00f3, aclariment o dubte, i fins i tot remetre&#8217;ns el seu curriculum vitae. L&#8217;enviament d&#8217;aquestes implica la seva autoritzaci\u00f3 a incorporar-les als nostres fitxers corresponents, si <strong>Servicios Arquitectura T\u00e9cnica<\/strong> ho considera convenient, i aquests estaran regulats per les presents pol\u00edtiques de privacitat. Les seves dades seran incorporades als nostres fitxers de tractament de dades.<\/p>\n<p><strong>Servicios Arquitectura T\u00e9cnica<\/strong>, es reserva el dret de decidir la incorporaci\u00f3 o no de les seves dades personals als seus fitxers.<\/p>\n<p><strong>DRETS D&#8217;ACC\u00c9S, RECTIFICACI\u00d3, CANCEL\u00b7LACI\u00d3 DE LES SEVES DADES PERSONALS<\/strong><br \/>En qualsevol moment pot oposar-se als nostres enviaments comercials, aix\u00ed com exercir els seus drets d&#8217;acc\u00e9s, rectificaci\u00f3 i cancel\u00b7laci\u00f3 en els termes establerts legalment, podent dirigir-se a: <strong>Servicios Arquitectura T\u00e9cnica<\/strong> \u2013 Pla\u00e7a Llu\u00eds Companys, 3 1\u00ba-1\u00aa 08110 Montcada i Reixac &#8211; Barcelona \u2013 SPAIN.<\/p>\n<p><strong>COMUNICACIONS DE DADES<\/strong><br \/><strong>Servicios Arquitectura T\u00e9cnica<\/strong> l&#8217;informa que les seves dades s\u00f3n tractades confidencialment i s\u00f3n utilitzats exclusivament de manera interna i per a les finalitats indicades. Per tant, no cedim ni comuniquem a cap tercer les seves dades, excepte en els casos legalment previstos, o que l&#8217;USUARI ens autoritzi expressament.<\/p>\n<p><strong>SEGURETAT DE LES SEVES DADES PERSONALS<\/strong><br \/>Amb l&#8217;objectiu de salvaguardar la seguretat de les seves dades personals, l&#8217;informem que\u00a0<strong>Servicios Arquitectura T\u00e9cnica<\/strong> ha adoptat totes les mesures d&#8217;\u00edndole t\u00e8cnica i organitzativa necess\u00e0ries per a garantir la seguretat de les dades personals subministrades de la seva alteraci\u00f3, p\u00e8rdua, i tractament o accessos no autoritzats, tal com exigeix el Reial decret 1720\/2007 regula el reglament de mesures de seguretat dels fitxers que continguin dades de car\u00e0cter personal.<\/p>\n<p><strong>ACTUALITZACI\u00d3 DE LES SEVES DADES<\/strong><br \/>\u00c9s important que perqu\u00e8 puguem mantenir les seves dades personals actualitzats, ens informi sempre que hi hagi hagut alguna modificaci\u00f3 en ells, en cas contrari, no responem de la veracitat d&#8217;aquestes.<\/p>\n<p>Considerem que si no cancel\u00b7la les seves dades personals expressament dels nostres fitxers, continua interessat a continuar incorporat als mateixos fins que <strong>Servicios Arquitectura T\u00e9cnica<\/strong> ho consideri oport\u00fa i mentre sigui adequat a la finalitat per la qual es van obtenir. <strong>Servicios Arquitectura T\u00e9cnica<\/strong>, no es fa responsable de la pol\u00edtica de privacitat respecte a les dades personals que pugui facilitar a tercers per mitj\u00e0 dels enlla\u00e7os disponibles en la nostra web.<\/p>\n<p><strong>Servicios Arquitectura T\u00e9cnica<\/strong> pot modificar les presents pol\u00edtiques de privacitat per a adaptar-les a les modificacions que es produeixi en la nostra web, aix\u00f2 com modificacions legislatives o jurisprudencials sobre dades personals que vagin apareixent, per la qual cosa exigeix la seva lectura, cada vegada que ens faciliti les seves dades a trav\u00e9s de la nostra web.<\/p>\n<p><strong>D. RESPONSABILITATS<\/strong><br \/>En posar a la disposici\u00f3 de l&#8217;USUARI aquesta web volem oferir-li una s\u00e8rie de continguts i serveis de qualitat, utilitzant la m\u00e0xima dilig\u00e8ncia en la prestaci\u00f3 dels mateixos aix\u00ed com en els mitjans tecnol\u00f2gics fets servir. No obstant aix\u00f2, no respondrem de la pres\u00e8ncia de virus i altres elements que d&#8217;alguna manera puguin danyar el sistema inform\u00e0tic de l&#8217;USUARI.<\/p>\n<p>L&#8217;USUARI t\u00e9 prohibit qualsevol classe d&#8217;acci\u00f3 sobre la nostra web que origini una sobrec\u00e0rrega als nostres sistemes inform\u00e0tics, aix\u00ed com la introducci\u00f3 de virus, instal\u00b7laci\u00f3 de robots o de software que alteri el normal funcionament de la nostra web, o en definitiva pugui causar danys als nostres sistemes inform\u00e0tics.<\/p>\n<p>L&#8217;USUARI assumeix tota la responsabilitat derivada de l&#8217;\u00fas de la nostra web, sent l&#8217;\u00fanic responsable de tot efecte directe o indirecte que sobre la web es derivi, incloent-hi, de manera enunciativa i no limitativa, tot resultat econ\u00f2mic, t\u00e8cnic i\/o jur\u00eddic advers, aix\u00ed com la defraudaci\u00f3 de les expectatives generades pel nostre portal, obligant-se l&#8217;USUARI a mantenir indemne a <strong>Servicios Arquitectura T\u00e9cnica<\/strong> per qualssevol reclamacions derivades, directament o indirectament de tals fets.<\/p>\n<p><strong>Servicios Arquitectura T\u00e9cnica<\/strong> queda exonerada de responsabilitat per qualsevol reclamaci\u00f3 respecte als drets de propietat intel\u00b7lectual dels articles i imatges publicades en el seu portal, aix\u00ed com, no garanteix l&#8217;exactitud, veracitat i vig\u00e8ncia dels continguts d&#8217;aquesta web, siguin propis, de tercers, o enlla\u00e7ables a altres websites, quedant totalment exonerada de qualsevol responsabilitat derivada de l&#8217;\u00fas d&#8217;aquests.<\/p>\n<p><strong>Servicios Arquitectura T\u00e9cnica<\/strong> queda exonerada de qualsevol responsabilitat derivada de qualsevol reclamaci\u00f3, incl\u00f2s el pagament d&#8217;honoraris a advocats, per les demandes i reclamacions originades per tercers per l&#8217;incompliment per part de l&#8217;USUARI de les nostres condicions d&#8217;\u00fas, acc\u00e9s i pol\u00edtica de privacitat, o qualssevol altra reclamaci\u00f3 per l&#8217;incompliment de la legislaci\u00f3 vigent.<\/p>\n<p>L&#8217;USUARI reconeix que ha ent\u00e8s tota la informaci\u00f3 respecte a les condicions d&#8217;\u00fas del nostre portal, i reconeix que s\u00f3n suficients per a l&#8217;exclusi\u00f3 de l&#8217;error en aquestes, i per tant les accepta \u00edntegrament i expressament.<\/p>\n<p>L&#8217;USUARI \u00e9s plenament conscient que la mera navegaci\u00f3 per la present web, aix\u00ed com la utilitzaci\u00f3 dels seus serveix, implica l&#8217;acceptaci\u00f3 de les presents condicions d&#8217;\u00fas.<br \/>Tot el referent a la nostra web, es regeix exclusivament per les lleis espanyoles. En el cas que es produeixi qualsevol classe de discrep\u00e0ncia o difer\u00e8ncia entre les parts en relaci\u00f3 amb la interpretaci\u00f3 i contingut de la present web, totes les parts se sotmeten, amb ren\u00fancia expressa a qualsevol altre fur, als Jutjats i Tribunals de Barcelona.<\/p>\n<p><strong>E. GOOGLE ANALYTICS<\/strong><br \/>Aquesta p\u00e0gina web utilitza Google Analytics, un servei anal\u00edtic de web prestat per Google, Inc., l&#8217;oficina principal del qual est\u00e0 a 1600 Amphitheatre Parkway, Mountain View (California), CA 94043, Estados Unidos (\u201cGoogle\u201d).<\/p>\n<p>Google Analytics utilitza \u201ccookies\u201d, que s\u00f3n arxius de text ubicats en el seu ordinador, per a ajudar al website a analitzar l&#8217;\u00fas que fan els usuaris del lloc web.<\/p>\n<p>La informaci\u00f3 que genera la cookie sobre el seu \u00fas del website (incloent la seva aqdre\u00e7a IP) ser\u00e0 directament transmesa i arxivada per Google en els servidors dels Estats Units.<br \/>Google usar\u00e0 aquesta informaci\u00f3 per compte nostre amb el prop\u00f2sit de seguir la pista del seu \u00fas del website, recopilant informes de l&#8217;activitat del website i prestant altres serveis relacionats amb l&#8217;activitat del website i l&#8217;\u00fas d&#8217;Internet.<\/p>\n<p>Google podr\u00e0 transmetre aquesta informaci\u00f3 a tercers quan aix\u00ed li ho requereixi la legislaci\u00f3, o quan aquests drets processin la informaci\u00f3 per compte de Google.<\/p>\n<p>Google no associar\u00e0 la seva adre\u00e7a IP amb cap altra dada del qual disposi Google.<\/p>\n<p>Aquesta web pot fer \u00fas de \u201ctracking tags\u201d en determinades p\u00e0gines per a mesurament i optimitzaci\u00f3 de campanyes de m\u00e0rqueting de resultats, no emmagatzemant-se en cap cas informaci\u00f3 personal de l&#8217;usuari.<\/p>\n<p>L&#8217;USUARI pot rebutjar el tractament de les dades o la informaci\u00f3 rebutjant l&#8217;\u00fas de cookies mitjan\u00e7ant la selecci\u00f3 de la configuraci\u00f3 apropiada del seu navegador, no obstant aix\u00f2, ha de saber que si ho fa pot ser que no pugui usar la plena funcionalitat d&#8217;aquesta web. En utilitzar aquesta web l&#8217;USUARI consent el tractament d&#8217;aquesta informaci\u00f3 per Google en la forma i per als fins indicats m\u00e9s amunt.<\/p>\n<\/div><\/div><\/div><\/div><\/div>\n","protected":false},"excerpt":{"rendered":"","protected":false},"author":1,"featured_media":0,"parent":0,"menu_order":0,"comment_status":"closed","ping_status":"closed","template":"100-width.php","meta":{"footnotes":""},"class_list":["post-2768","page","type-page","status-publish","hentry"],"yoast_head":"<!-- This site is optimized with the Yoast SEO plugin v27.4 - https:\/\/yoast.com\/product\/yoast-seo-wordpress\/ -->\n<title>Av\u00eds legal - Eduard Sol\u00e9: Arquitecte t\u00e8cnic a Barcelona<\/title>\n<meta name=\"description\" content=\"Informaci\u00f3n sobre LSSICE y LOPD de Eduard Sol\u00e9: Arquitecto t\u00e9cnico en Barcelona\" \/>\n<meta name=\"robots\" content=\"index, follow, max-snippet:-1, max-image-preview:large, max-video-preview:-1\" \/>\n<link rel=\"canonical\" href=\"https:\/\/serviciosarquitecturatecnica.com\/ca\/avis-legal\/\" \/>\n<meta property=\"og:locale\" content=\"ca_ES\" \/>\n<meta property=\"og:type\" content=\"article\" \/>\n<meta property=\"og:title\" content=\"Av\u00eds legal - Eduard Sol\u00e9: Arquitecte t\u00e8cnic a Barcelona\" \/>\n<meta property=\"og:description\" content=\"Informaci\u00f3n sobre LSSICE y LOPD de Eduard Sol\u00e9: Arquitecto t\u00e9cnico en Barcelona\" \/>\n<meta property=\"og:url\" content=\"https:\/\/serviciosarquitecturatecnica.com\/ca\/avis-legal\/\" \/>\n<meta property=\"og:site_name\" content=\"Aparejador Barcelona\" \/>\n<meta property=\"article:modified_time\" content=\"2024-12-23T10:18:26+00:00\" \/>\n<meta name=\"twitter:card\" content=\"summary_large_image\" \/>\n<meta name=\"twitter:label1\" content=\"Temps estimat de lectura\" \/>\n\t<meta name=\"twitter:data1\" content=\"10 minuts\" \/>\n<script type=\"application\/ld+json\" class=\"yoast-schema-graph\">{\"@context\":\"https:\\\/\\\/schema.org\",\"@graph\":[{\"@type\":\"WebPage\",\"@id\":\"https:\\\/\\\/serviciosarquitecturatecnica.com\\\/ca\\\/avis-legal\\\/\",\"url\":\"https:\\\/\\\/serviciosarquitecturatecnica.com\\\/ca\\\/avis-legal\\\/\",\"name\":\"Av\u00eds legal - Eduard Sol\u00e9: Arquitecte t\u00e8cnic a Barcelona\",\"isPartOf\":{\"@id\":\"https:\\\/\\\/serviciosarquitecturatecnica.com\\\/#website\"},\"datePublished\":\"2024-12-19T08:52:55+00:00\",\"dateModified\":\"2024-12-23T10:18:26+00:00\",\"description\":\"Informaci\u00f3n sobre LSSICE y LOPD de Eduard Sol\u00e9: Arquitecto t\u00e9cnico en Barcelona\",\"breadcrumb\":{\"@id\":\"https:\\\/\\\/serviciosarquitecturatecnica.com\\\/ca\\\/avis-legal\\\/#breadcrumb\"},\"inLanguage\":\"ca\",\"potentialAction\":[{\"@type\":\"ReadAction\",\"target\":[\"https:\\\/\\\/serviciosarquitecturatecnica.com\\\/ca\\\/avis-legal\\\/\"]}]},{\"@type\":\"BreadcrumbList\",\"@id\":\"https:\\\/\\\/serviciosarquitecturatecnica.com\\\/ca\\\/avis-legal\\\/#breadcrumb\",\"itemListElement\":[{\"@type\":\"ListItem\",\"position\":1,\"name\":\"Inicio\",\"item\":\"https:\\\/\\\/serviciosarquitecturatecnica.com\\\/ca\\\/\"},{\"@type\":\"ListItem\",\"position\":2,\"name\":\"Av\u00eds legal\"}]},{\"@type\":\"WebSite\",\"@id\":\"https:\\\/\\\/serviciosarquitecturatecnica.com\\\/#website\",\"url\":\"https:\\\/\\\/serviciosarquitecturatecnica.com\\\/\",\"name\":\"Aparejador Barcelona\",\"description\":\"\",\"potentialAction\":[{\"@type\":\"SearchAction\",\"target\":{\"@type\":\"EntryPoint\",\"urlTemplate\":\"https:\\\/\\\/serviciosarquitecturatecnica.com\\\/?s={search_term_string}\"},\"query-input\":{\"@type\":\"PropertyValueSpecification\",\"valueRequired\":true,\"valueName\":\"search_term_string\"}}],\"inLanguage\":\"ca\"}]}<\/script>\n<!-- \/ Yoast SEO plugin. -->","yoast_head_json":{"title":"Av\u00eds legal - Eduard Sol\u00e9: Arquitecte t\u00e8cnic a Barcelona","description":"Informaci\u00f3n sobre LSSICE y LOPD de Eduard Sol\u00e9: Arquitecto t\u00e9cnico en Barcelona","robots":{"index":"index","follow":"follow","max-snippet":"max-snippet:-1","max-image-preview":"max-image-preview:large","max-video-preview":"max-video-preview:-1"},"canonical":"https:\/\/serviciosarquitecturatecnica.com\/ca\/avis-legal\/","og_locale":"ca_ES","og_type":"article","og_title":"Av\u00eds legal - Eduard Sol\u00e9: Arquitecte t\u00e8cnic a Barcelona","og_description":"Informaci\u00f3n sobre LSSICE y LOPD de Eduard Sol\u00e9: Arquitecto t\u00e9cnico en Barcelona","og_url":"https:\/\/serviciosarquitecturatecnica.com\/ca\/avis-legal\/","og_site_name":"Aparejador Barcelona","article_modified_time":"2024-12-23T10:18:26+00:00","twitter_card":"summary_large_image","twitter_misc":{"Temps estimat de lectura":"10 minuts"},"schema":{"@context":"https:\/\/schema.org","@graph":[{"@type":"WebPage","@id":"https:\/\/serviciosarquitecturatecnica.com\/ca\/avis-legal\/","url":"https:\/\/serviciosarquitecturatecnica.com\/ca\/avis-legal\/","name":"Av\u00eds legal - Eduard Sol\u00e9: Arquitecte t\u00e8cnic a Barcelona","isPartOf":{"@id":"https:\/\/serviciosarquitecturatecnica.com\/#website"},"datePublished":"2024-12-19T08:52:55+00:00","dateModified":"2024-12-23T10:18:26+00:00","description":"Informaci\u00f3n sobre LSSICE y LOPD de Eduard Sol\u00e9: Arquitecto t\u00e9cnico en Barcelona","breadcrumb":{"@id":"https:\/\/serviciosarquitecturatecnica.com\/ca\/avis-legal\/#breadcrumb"},"inLanguage":"ca","potentialAction":[{"@type":"ReadAction","target":["https:\/\/serviciosarquitecturatecnica.com\/ca\/avis-legal\/"]}]},{"@type":"BreadcrumbList","@id":"https:\/\/serviciosarquitecturatecnica.com\/ca\/avis-legal\/#breadcrumb","itemListElement":[{"@type":"ListItem","position":1,"name":"Inicio","item":"https:\/\/serviciosarquitecturatecnica.com\/ca\/"},{"@type":"ListItem","position":2,"name":"Av\u00eds legal"}]},{"@type":"WebSite","@id":"https:\/\/serviciosarquitecturatecnica.com\/#website","url":"https:\/\/serviciosarquitecturatecnica.com\/","name":"Aparejador Barcelona","description":"","potentialAction":[{"@type":"SearchAction","target":{"@type":"EntryPoint","urlTemplate":"https:\/\/serviciosarquitecturatecnica.com\/?s={search_term_string}"},"query-input":{"@type":"PropertyValueSpecification","valueRequired":true,"valueName":"search_term_string"}}],"inLanguage":"ca"}]}},"_links":{"self":[{"href":"https:\/\/serviciosarquitecturatecnica.com\/ca\/wp-json\/wp\/v2\/pages\/2768","targetHints":{"allow":["GET"]}}],"collection":[{"href":"https:\/\/serviciosarquitecturatecnica.com\/ca\/wp-json\/wp\/v2\/pages"}],"about":[{"href":"https:\/\/serviciosarquitecturatecnica.com\/ca\/wp-json\/wp\/v2\/types\/page"}],"author":[{"embeddable":true,"href":"https:\/\/serviciosarquitecturatecnica.com\/ca\/wp-json\/wp\/v2\/users\/1"}],"replies":[{"embeddable":true,"href":"https:\/\/serviciosarquitecturatecnica.com\/ca\/wp-json\/wp\/v2\/comments?post=2768"}],"version-history":[{"count":5,"href":"https:\/\/serviciosarquitecturatecnica.com\/ca\/wp-json\/wp\/v2\/pages\/2768\/revisions"}],"predecessor-version":[{"id":2800,"href":"https:\/\/serviciosarquitecturatecnica.com\/ca\/wp-json\/wp\/v2\/pages\/2768\/revisions\/2800"}],"wp:attachment":[{"href":"https:\/\/serviciosarquitecturatecnica.com\/ca\/wp-json\/wp\/v2\/media?parent=2768"}],"curies":[{"name":"wp","href":"https:\/\/api.w.org\/{rel}","templated":true}]}}